{"id":793,"date":"2024-09-02T15:42:54","date_gmt":"2024-09-02T15:42:54","guid":{"rendered":"https:\/\/masajegaybarcelona.com\/?page_id=793"},"modified":"2024-12-03T11:16:37","modified_gmt":"2024-12-03T11:16:37","slug":"cookie-policy","status":"publish","type":"page","link":"https:\/\/masajegaybarcelona.com\/en\/cookie-policy\/","title":{"rendered":"Cookie Policy"},"content":{"rendered":"<section class=\"l-section wpb_row us_custom_e1ac95b1 has_text_color height_auto full_height valign_center width_full color_alternate\"><div class=\"l-section-h i-cf\"><div class=\"g-cols vc_row via_grid cols_2 laptops-cols_3-2 tablets-cols_1 mobiles-cols_1 valign_top type_default stacking_default\" style=\"--columns-gap:0rem;\"><div class=\"wpb_column vc_column_container us_custom_2a3b466f\"><div class=\"vc_column-inner\"><div class=\"g-cols wpb_row via_grid cols_2 laptops-cols_inherit tablets-cols_inherit mobiles-cols_1 valign_top type_default stacking_default\" style=\"--columns-gap:0rem;\"><div class=\"wpb_column vc_column_container us_custom_60e9caca us_animate_this\"><div class=\"vc_column-inner\"><div class=\"w-image align_center\"><a href=\"https:\/\/masajegaybarcelona.com\/en\/\" aria-label=\"Masaje-gay-Barcelona-8\" class=\"w-image-h\"><img decoding=\"async\" width=\"1584\" height=\"259\" src=\"https:\/\/masajegaybarcelona.com\/wp-content\/uploads\/2024\/09\/Masajes-gay-Barcelona-8.png\" class=\"attachment-full size-full\" alt=\"\" loading=\"lazy\" srcset=\"https:\/\/masajegaybarcelona.com\/wp-content\/uploads\/2024\/09\/Masajes-gay-Barcelona-8.png 1584w, https:\/\/masajegaybarcelona.com\/wp-content\/uploads\/2024\/09\/Masajes-gay-Barcelona-8-300x49.png 300w, https:\/\/masajegaybarcelona.com\/wp-content\/uploads\/2024\/09\/Masajes-gay-Barcelona-8-1024x167.png 1024w\" sizes=\"auto, (max-width: 1584px) 100vw, 1584px\" \/><\/a><\/div><div class=\"w-text us_custom_4e6ccbfe icon_atleft\"><a href=\"https:\/\/maps.app.goo.gl\/JiCYRTjXQCoPUrfV9\" class=\"w-text-h\"><i class=\"fas fa-map-marker\"><\/i><span class=\"w-text-value\">C\/ Villarroel, 142, Barcelona, 08036 Barcelona<\/span><\/a><\/div><div class=\"w-separator size_medium\"><\/div><div class=\"w-text us_custom_4e6ccbfe icon_atleft\"><span class=\"w-text-h\"><i class=\"fas fa-clock\"><\/i><span class=\"w-text-value\">Mon-Sat: 10:00-22:00 Sun: 11:00-22:00<\/span><\/span><\/div><\/div><\/div><div class=\"wpb_column vc_column_container\"><div class=\"vc_column-inner\"><nav class=\"w-menu us_custom_aa8edc6d us_animate_this layout_ver style_links has_text_align_on_mobiles us_menu_1\" style=\"--main-gap:0.5rem;--main-ver-indent:0.8em;--main-hor-indent:0.8em;--main-color:inherit;--main-hover-color:var(--color-content-bg);\"><ul id=\"menu-main-menu\" class=\"menu\"><li id=\"menu-item-644\" class=\"menu-item menu-item-type-post_type menu-item-object-page menu-item-home menu-item-644\"><a href=\"https:\/\/masajegaybarcelona.com\/home\/\">Home<\/a><\/li><li id=\"menu-item-645\" class=\"menu-item menu-item-type-post_type menu-item-object-page menu-item-645\"><a href=\"https:\/\/masajegaybarcelona.com\/bolsa-de-empleo\/\">Job opportunities<\/a><\/li><li id=\"menu-item-646\" class=\"menu-item menu-item-type-post_type menu-item-object-page menu-item-646\"><a href=\"https:\/\/masajegaybarcelona.com\/contacto\/\">Contact<\/a><\/li><\/ul><style>@media ( max-width:600px ){.us_menu_1 .menu{display:block!important}.us_menu_1 .menu>li{margin:0 0 var(--main-gap,0.5rem)!important}}<\/style><\/nav><\/div><\/div><\/div><div class=\"w-separator size_huge\"><\/div><h1 class=\"w-text us_custom_4048d20c has_text_color us_animate_this\"><span class=\"w-text-h\"><span class=\"w-text-value\">Cookie Policy<\/span><\/span><\/h1><\/div><\/div><div class=\"wpb_column vc_column_container us_custom_b3d18f98 us_animate_this has_bg_color\"><div class=\"vc_column-inner\"><\/div><\/div><\/div><\/div><\/section><section class=\"l-section wpb_row height_medium\"><div class=\"l-section-h i-cf\"><div class=\"g-cols vc_row via_grid cols_1 laptops-cols_inherit tablets-cols_inherit mobiles-cols_1 valign_top type_default stacking_default\"><div class=\"wpb_column vc_column_container\"><div class=\"vc_column-inner\"><div class=\"wpb_text_column\"><div class=\"wpb_wrapper\"><div class=\"container_wrap container_wrap_first main_color fullsize\">\n<div class=\"container\">\n<p>Masajegaybarcelona.com informa acerca del uso de las cookies en su p\u00e1gina web: <a href=\"https:\/\/masajegaybarcelona.com\/\">masajegaybarcelona.com<\/a><\/p>\n<article class=\"post-entry post-entry-type-page post-entry-2040\">\n<div class=\"entry-content-wrapper clearfix\">\n<div class=\"entry-content\">\n<div id=\"comp-k9pqzwk3\" class=\"_1Z_nJ\" data-testid=\"richTextElement\">\n<div id=\"comp-k9pqo258\" class=\"_1Z_nJ\" data-testid=\"richTextElement\">\n<h2 class=\"font_4\">\u00bfQu\u00e9 son las cookies?<\/h2>\n<\/div>\n<div id=\"comp-k9pqitgb\" class=\"_1Z_nJ\" data-testid=\"richTextElement\">\n<p class=\"font_8\">Las cookies son archivos que se pueden descargar en su equipo a trav\u00e9s de las p\u00e1ginas web. Son herramientas que tienen un papel esencial para la prestaci\u00f3n de numerosos servicios de la sociedad de la informaci\u00f3n. Entre otros, permiten a una p\u00e1gina web almacenar y recuperar informaci\u00f3n sobre los h\u00e1bitos de navegaci\u00f3n de un usuario o de su equipo y, dependiendo de la informaci\u00f3n obtenida, se pueden utilizar para reconocer al usuario y mejorar el servicio ofrecido.<\/p>\n<\/div>\n<div id=\"comp-k9pqq9i9\" class=\"_1Z_nJ\" data-testid=\"richTextElement\">\n<h2 class=\"font_4\">Tipos de cookies<\/h2>\n<\/div>\n<div id=\"comp-k9pqjr4v\" class=\"_1Z_nJ\" data-testid=\"richTextElement\">\n<p class=\"font_8\">Seg\u00fan quien sea la entidad que gestione el dominio desde donde se env\u00edan las cookies y trate los datos que se obtengan se pueden distinguir dos tipos:<\/p>\n<p class=\"font_8\">Cookies propias:\u00a0aqu\u00e9llas que se env\u00edan al equipo terminal del usuario desde un equipo o dominio gestionado por el propio editor y desde el que se presta el servicio solicitado por el usuario.<\/p>\n<p class=\"font_8\">Cookies de terceros:\u00a0aqu\u00e9llas que se env\u00edan al equipo terminal del usuario desde un equipo o dominio que no es gestionado por el editor, sino por otra entidad que trata los datos obtenidos trav\u00e9s de las cookies.<\/p>\n<p class=\"font_8\">En el caso de que las cookies sean instaladas desde un equipo o dominio gestionado por el propio editor pero la informaci\u00f3n que se recoja mediante \u00e9stas sea gestionada por un tercero, no pueden ser consideradas como cookies propias.<\/p>\n<p class=\"font_8\">Existe tambi\u00e9n una segunda clasificaci\u00f3n seg\u00fan el plazo de tiempo que permanecen almacenadas en el navegador del cliente,<br \/>\npudiendo tratarse de:<\/p>\n<p class=\"font_8\">Cookies de sesi\u00f3n:\u00a0dise\u00f1adas para recabar y almacenar datos mientras el usuario accede a una p\u00e1gina web. Se suelen emplear para almacenar informaci\u00f3n que solo interesa conservar para la prestaci\u00f3n del servicio solicitado por el usuario en una sola ocasi\u00f3n (p.e. una lista de productos adquiridos).<\/p>\n<p class=\"font_8\">Cookies persistentes:\u00a0los datos siguen almacenados en el terminal y pueden ser accedidos y tratados durante un periodo definido por el responsable de la cookie, y que puede ir de unos minutos a varios a\u00f1os. Por \u00faltimo, existe otra clasificaci\u00f3n con cinco tipos de cookies seg\u00fan la finalidad para la que se traten los datos obtenidos:<\/p>\n<p class=\"font_8\">Cookies t\u00e9cnicas:\u00a0aquellas que permiten al usuario la navegaci\u00f3n a trav\u00e9s de una p\u00e1gina web, plataforma o aplicaci\u00f3n y la utilizaci\u00f3n de las diferentes opciones o servicios que en ella existan como, por ejemplo, controlar el tr\u00e1fico y la comunicaci\u00f3n de datos, identificar la sesi\u00f3n, acceder a partes de acceso restringido, recordar los elementos que integran un pedido, realizar el proceso de compra de un pedido, realizar a solicitud de inscripci\u00f3n o participaci\u00f3n en un evento, utilizar elementos de seguridad durante la navegaci\u00f3n, almacenar contenidos para la difusi\u00f3n de v\u00eddeos o sonido o compartir contenidos a trav\u00e9s de redes sociales.<\/p>\n<p class=\"font_8\">Cookies de personalizaci\u00f3n:\u00a0permiten al usuario acceder al servicio con algunas caracter\u00edsticas de car\u00e1cter general predefinidas en funci\u00f3n de una serie de criterios en el terminal del usuario como por ejemplo serian el idioma, el tipo de navegador a trav\u00e9s del cual accede al servicio, la configuraci\u00f3n regional desde donde accede al servicio, etc.<\/p>\n<p class=\"font_8\">Cookies de an\u00e1lisis:\u00a0permiten al responsable de las mismas, el seguimiento y an\u00e1lisis del comportamiento de los usuarios de los sitios web a los que est\u00e1n vinculadas. La informaci\u00f3n recogida mediante este tipo de cookies se utiliza en la medici\u00f3n de la actividad de los sitios web, aplicaci\u00f3n o plataforma y para la elaboraci\u00f3n de perfiles de navegaci\u00f3n de los usuarios de dichos sitios, aplicaciones y plataformas, con el fin de introducir mejoras en funci\u00f3n del an\u00e1lisis de los datos de uso que hacen los usuarios del servicio.<\/p>\n<p class=\"font_8\">Cookies publicitarias:\u00a0permiten la gesti\u00f3n, de la forma m\u00e1s eficaz posible, de los espacios publicitarios.<\/p>\n<p class=\"font_8\">Cookies de publicidad comportamental:\u00a0almacenan informaci\u00f3n del comportamiento de los usuarios obtenida a trav\u00e9s de la observaci\u00f3n continuada de sus h\u00e1bitos de navegaci\u00f3n, lo que permite desarrollar un perfil espec\u00edfico para mostrar publicidad en funci\u00f3n del mismo.<\/p>\n<p class=\"font_8\">Cookies de redes sociales externas:\u00a0se utilizan para que los visitantes puedan interactuar con el contenido de diferentes plataformas sociales (facebook, youtube, twitter, linkedIn, etc..) y que se generen \u00fanicamente para los usuarios de dichas redes sociales. Las condiciones de utilizaci\u00f3n de estas cookies y la informaci\u00f3n recopilada se regula por la pol\u00edtica de privacidad de la plataforma social correspondiente.<\/p>\n<\/div>\n<div id=\"comp-k9pqqzon\" class=\"_1Z_nJ\" data-testid=\"richTextElement\">\n<h2 class=\"font_4\">Desactivaci\u00f3n y eliminaci\u00f3n de cookies<\/h2>\n<\/div>\n<div id=\"comp-k9pqljo6\" class=\"_1Z_nJ\" data-testid=\"richTextElement\">\n<p class=\"font_8\">Tienes la opci\u00f3n de permitir, bloquear o eliminar las cookies instaladas en tu equipo mediante la configuraci\u00f3n de las opciones del navegador instalado en su equipo. Al desactivar cookies, algunos de los servicios disponibles podr\u00edan dejar de estar operativos. La forma de deshabilitar las cookies es diferente para cada navegador, pero normalmente puede hacerse desde el men\u00fa Herramientas u Opciones.<\/p>\n<p class=\"font_8\">Tambi\u00e9n puede consultarse el men\u00fa de Ayuda del navegador d\u00f3nde puedes encontrar instrucciones. El usuario podr\u00e1 en cualquier momento elegir qu\u00e9 cookies quiere que funcionen en este sitio web.<\/p>\n<p class=\"font_8\">Puede usted permitir, bloquear o eliminar las cookies instaladas en su equipo mediante la configuraci\u00f3n de las opciones del<br \/>\nnavegador instalado en su ordenador:<\/p>\n<\/div>\n<div id=\"comp-k9pqn5ql\" class=\"_1Z_nJ\" data-testid=\"richTextElement\">\n<p class=\"font_8\">Microsoft Internet Explorer o Microsoft Edge:\u00a0<a href=\"http:\/\/windows.microsoft.com\/es-es\/windows-vista\/Block-or-allow-cookies\" target=\"_blank\" rel=\"noopener\">http:\/\/windows.microsoft.com\/es-es\/windows-vista\/Block-or-allow-cookies<\/a><br \/>\nMozilla Firefox:\u00a0<a href=\"http:\/\/support.mozilla.org\/es\/kb\/impedir-que-los-sitios-web-guarden-sus-preferencia\" target=\"_blank\" rel=\"noopener\">http:\/\/support.mozilla.org\/es\/kb\/impedir-que-los-sitios-web-guarden-sus-preferencia<\/a><br \/>\nChrome:\u00a0<a href=\"https:\/\/support.google.com\/accounts\/answer\/61416?hl=es\" target=\"_blank\" rel=\"noopener\">https:\/\/support.google.com\/accounts\/answer\/61416?hl=es<\/a><br \/>\nSafari:\u00a0<a href=\"http:\/\/safari.helpmax.net\/es\/privacidad-y-seguridad\/como-gestionar-las-cookies\/\" target=\"_blank\" rel=\"noopener\">http:\/\/safari.helpmax.net\/es\/privacidad-y-seguridad\/como-gestionar-las-cookies\/<\/a><br \/>\nOpera:\u00a0<a href=\"http:\/\/help.opera.com\/Linux\/10.60\/es-ES\/cookies.html\" target=\"_blank\" rel=\"noopener\">http:\/\/help.opera.com\/Linux\/10.60\/es-ES\/cookies.html<\/a><\/p>\n<\/div>\n<\/div>\n<\/div>\n<footer class=\"entry-footer\"><\/footer>\n<\/div>\n<\/article>\n<\/div>\n<\/div>\n<div id=\"footer\" class=\"container_wrap footer_color\">\n<div class=\"container\">\n<div class=\"flex_column av_one_fifth first el_before_av_one_fifth\"><\/div>\n<\/div>\n<\/div>\n<\/div><\/div><\/div><\/div><\/div><\/div><\/section>\n","protected":false},"excerpt":{"rendered":"C\/ Villarroel, 142, Barcelona, 08036 BarcelonaMon-Sat: 10:00-22:00 Sun: 11:00-22:00HomeJob opportunitiesContactCookie Policy Masajegaybarcelona.com informa acerca del uso de las cookies en su p\u00e1gina web: masajegaybarcelona.com \u00bfQu\u00e9 son las cookies? Las cookies son archivos que se pueden descargar en su equipo a trav\u00e9s de las p\u00e1ginas web. Son herramientas que tienen un papel esencial para la prestaci\u00f3n...","protected":false},"author":1,"featured_media":0,"parent":0,"menu_order":0,"comment_status":"closed","ping_status":"closed","template":"","meta":{"_joinchat":{"message_text":"Welcome!\nHow can we help you?","message_send":"Hello *{SITE}*. I need more information about {TITLE} {URL}"},"footnotes":""},"class_list":["post-793","page","type-page","status-publish","hentry"],"yoast_head":"<!-- This site is optimized with the Yoast SEO plugin v26.4 - https:\/\/yoast.com\/wordpress\/plugins\/seo\/ -->\n<title>Cookie Policy - MasajeGayBarcelona.com<\/title>\n<meta name=\"robots\" content=\"noindex, follow\" \/>\n<meta property=\"og:locale\" content=\"en_US\" \/>\n<meta property=\"og:type\" content=\"article\" \/>\n<meta property=\"og:title\" content=\"Cookie Policy - MasajeGayBarcelona.com\" \/>\n<meta property=\"og:url\" content=\"https:\/\/masajegaybarcelona.com\/en\/cookie-policy\/\" \/>\n<meta property=\"og:site_name\" content=\"MasajeGayBarcelona.com\" \/>\n<meta property=\"article:modified_time\" content=\"2024-12-03T11:16:37+00:00\" \/>\n<meta property=\"og:image\" content=\"https:\/\/masajegaybarcelona.com\/wp-content\/uploads\/2024\/08\/91588.jpg\" \/>\n\t<meta property=\"og:image:width\" content=\"1200\" \/>\n\t<meta property=\"og:image:height\" content=\"800\" \/>\n\t<meta property=\"og:image:type\" content=\"image\/jpeg\" \/>\n<meta name=\"twitter:card\" content=\"summary_large_image\" \/>\n<meta name=\"twitter:label1\" content=\"Est. reading time\" \/>\n\t<meta name=\"twitter:data1\" content=\"5 minutes\" \/>\n<script type=\"application\/ld+json\" class=\"yoast-schema-graph\">{\"@context\":\"https:\/\/schema.org\",\"@graph\":[{\"@type\":\"WebPage\",\"@id\":\"https:\/\/masajegaybarcelona.com\/en\/cookie-policy\/\",\"url\":\"https:\/\/masajegaybarcelona.com\/en\/cookie-policy\/\",\"name\":\"Cookie Policy - MasajeGayBarcelona.com\",\"isPartOf\":{\"@id\":\"https:\/\/masajegaybarcelona.com\/en\/#website\"},\"datePublished\":\"2024-09-02T15:42:54+00:00\",\"dateModified\":\"2024-12-03T11:16:37+00:00\",\"breadcrumb\":{\"@id\":\"https:\/\/masajegaybarcelona.com\/en\/cookie-policy\/#breadcrumb\"},\"inLanguage\":\"en-US\",\"potentialAction\":[{\"@type\":\"ReadAction\",\"target\":[\"https:\/\/masajegaybarcelona.com\/en\/cookie-policy\/\"]}]},{\"@type\":\"BreadcrumbList\",\"@id\":\"https:\/\/masajegaybarcelona.com\/en\/cookie-policy\/#breadcrumb\",\"itemListElement\":[{\"@type\":\"ListItem\",\"position\":1,\"name\":\"Portada\",\"item\":\"https:\/\/masajegaybarcelona.com\/en\/\"},{\"@type\":\"ListItem\",\"position\":2,\"name\":\"Cookie Policy\"}]},{\"@type\":\"WebSite\",\"@id\":\"https:\/\/masajegaybarcelona.com\/en\/#website\",\"url\":\"https:\/\/masajegaybarcelona.com\/en\/\",\"name\":\"MasajeGayBarcelona.com\",\"description\":\"Masaje Gay Barcelona\",\"publisher\":{\"@id\":\"https:\/\/masajegaybarcelona.com\/en\/#organization\"},\"alternateName\":\"Masaje Gay Barcelona\",\"potentialAction\":[{\"@type\":\"SearchAction\",\"target\":{\"@type\":\"EntryPoint\",\"urlTemplate\":\"https:\/\/masajegaybarcelona.com\/en\/?s={search_term_string}\"},\"query-input\":{\"@type\":\"PropertyValueSpecification\",\"valueRequired\":true,\"valueName\":\"search_term_string\"}}],\"inLanguage\":\"en-US\"},{\"@type\":\"Organization\",\"@id\":\"https:\/\/masajegaybarcelona.com\/en\/#organization\",\"name\":\"MasajeGayBarcelona.com\",\"alternateName\":\"Masaje Gay Barcelona\",\"url\":\"https:\/\/masajegaybarcelona.com\/en\/\",\"logo\":{\"@type\":\"ImageObject\",\"inLanguage\":\"en-US\",\"@id\":\"https:\/\/masajegaybarcelona.com\/en\/#\/schema\/logo\/image\/\",\"url\":\"https:\/\/masajegaybarcelona.com\/wp-content\/uploads\/2024\/09\/Favicon-Masaje-Gay-Barcelona.jpg\",\"contentUrl\":\"https:\/\/masajegaybarcelona.com\/wp-content\/uploads\/2024\/09\/Favicon-Masaje-Gay-Barcelona.jpg\",\"width\":500,\"height\":500,\"caption\":\"MasajeGayBarcelona.com\"},\"image\":{\"@id\":\"https:\/\/masajegaybarcelona.com\/en\/#\/schema\/logo\/image\/\"}}]}<\/script>\n<!-- \/ Yoast SEO plugin. -->","yoast_head_json":{"title":"Cookie Policy - MasajeGayBarcelona.com","robots":{"index":"noindex","follow":"follow"},"og_locale":"en_US","og_type":"article","og_title":"Cookie Policy - MasajeGayBarcelona.com","og_url":"https:\/\/masajegaybarcelona.com\/en\/cookie-policy\/","og_site_name":"MasajeGayBarcelona.com","article_modified_time":"2024-12-03T11:16:37+00:00","og_image":[{"width":1200,"height":800,"url":"https:\/\/masajegaybarcelona.com\/wp-content\/uploads\/2024\/08\/91588.jpg","type":"image\/jpeg"}],"twitter_card":"summary_large_image","twitter_misc":{"Est. reading time":"5 minutes"},"schema":{"@context":"https:\/\/schema.org","@graph":[{"@type":"WebPage","@id":"https:\/\/masajegaybarcelona.com\/en\/cookie-policy\/","url":"https:\/\/masajegaybarcelona.com\/en\/cookie-policy\/","name":"Cookie Policy - MasajeGayBarcelona.com","isPartOf":{"@id":"https:\/\/masajegaybarcelona.com\/en\/#website"},"datePublished":"2024-09-02T15:42:54+00:00","dateModified":"2024-12-03T11:16:37+00:00","breadcrumb":{"@id":"https:\/\/masajegaybarcelona.com\/en\/cookie-policy\/#breadcrumb"},"inLanguage":"en-US","potentialAction":[{"@type":"ReadAction","target":["https:\/\/masajegaybarcelona.com\/en\/cookie-policy\/"]}]},{"@type":"BreadcrumbList","@id":"https:\/\/masajegaybarcelona.com\/en\/cookie-policy\/#breadcrumb","itemListElement":[{"@type":"ListItem","position":1,"name":"Portada","item":"https:\/\/masajegaybarcelona.com\/en\/"},{"@type":"ListItem","position":2,"name":"Cookie Policy"}]},{"@type":"WebSite","@id":"https:\/\/masajegaybarcelona.com\/en\/#website","url":"https:\/\/masajegaybarcelona.com\/en\/","name":"MasajeGayBarcelona.com","description":"Masaje Gay Barcelona","publisher":{"@id":"https:\/\/masajegaybarcelona.com\/en\/#organization"},"alternateName":"Masaje Gay Barcelona","potentialAction":[{"@type":"SearchAction","target":{"@type":"EntryPoint","urlTemplate":"https:\/\/masajegaybarcelona.com\/en\/?s={search_term_string}"},"query-input":{"@type":"PropertyValueSpecification","valueRequired":true,"valueName":"search_term_string"}}],"inLanguage":"en-US"},{"@type":"Organization","@id":"https:\/\/masajegaybarcelona.com\/en\/#organization","name":"MasajeGayBarcelona.com","alternateName":"Masaje Gay Barcelona","url":"https:\/\/masajegaybarcelona.com\/en\/","logo":{"@type":"ImageObject","inLanguage":"en-US","@id":"https:\/\/masajegaybarcelona.com\/en\/#\/schema\/logo\/image\/","url":"https:\/\/masajegaybarcelona.com\/wp-content\/uploads\/2024\/09\/Favicon-Masaje-Gay-Barcelona.jpg","contentUrl":"https:\/\/masajegaybarcelona.com\/wp-content\/uploads\/2024\/09\/Favicon-Masaje-Gay-Barcelona.jpg","width":500,"height":500,"caption":"MasajeGayBarcelona.com"},"image":{"@id":"https:\/\/masajegaybarcelona.com\/en\/#\/schema\/logo\/image\/"}}]}},"_links":{"self":[{"href":"https:\/\/masajegaybarcelona.com\/en\/wp-json\/wp\/v2\/pages\/793","targetHints":{"allow":["GET"]}}],"collection":[{"href":"https:\/\/masajegaybarcelona.com\/en\/wp-json\/wp\/v2\/pages"}],"about":[{"href":"https:\/\/masajegaybarcelona.com\/en\/wp-json\/wp\/v2\/types\/page"}],"author":[{"embeddable":true,"href":"https:\/\/masajegaybarcelona.com\/en\/wp-json\/wp\/v2\/users\/1"}],"replies":[{"embeddable":true,"href":"https:\/\/masajegaybarcelona.com\/en\/wp-json\/wp\/v2\/comments?post=793"}],"version-history":[{"count":1,"href":"https:\/\/masajegaybarcelona.com\/en\/wp-json\/wp\/v2\/pages\/793\/revisions"}],"predecessor-version":[{"id":794,"href":"https:\/\/masajegaybarcelona.com\/en\/wp-json\/wp\/v2\/pages\/793\/revisions\/794"}],"wp:attachment":[{"href":"https:\/\/masajegaybarcelona.com\/en\/wp-json\/wp\/v2\/media?parent=793"}],"curies":[{"name":"wp","href":"https:\/\/api.w.org\/{rel}","templated":true}]}}